{"id":333,"date":"2018-08-31T12:52:55","date_gmt":"2018-08-31T10:52:55","guid":{"rendered":"https:\/\/garagenkunst.wordpress.com\/?page_id=2"},"modified":"2022-08-20T15:17:32","modified_gmt":"2022-08-20T13:17:32","slug":"ueber","status":"publish","type":"page","link":"https:\/\/garagen-kunst.at\/maria-haslauer\/ueber\/","title":{"rendered":"\u00dcber mich"},"content":{"rendered":"\n<h3 class=\"wp-block-heading\"><strong>Maria Haslauer<\/strong><\/h3>\n\n\n\n<p><strong>Ich t\u00f6pfere und handwerke<\/strong> f\u00fcr mein Leben gern. Mein Hobby entdeckte ich durch Zufall. Eine Freundin von mir buchte einen T\u00f6pferkurs. Ich war nicht einmal so sicher, ob ich diesen \u201eSchlamm\u201c, \u00fcberhaupt anfassen sollte. \u00a0<\/p>\n\n\n\n<figure class=\"wp-block-gallery columns-1 is-cropped wp-block-gallery-1 is-layout-flex wp-block-gallery-is-layout-flex\"><ul class=\"blocks-gallery-grid\"><li class=\"blocks-gallery-item\"><figure><img loading=\"lazy\" decoding=\"async\" width=\"835\" height=\"1024\" src=\"https:\/\/garagen-kunst.at\/maria-haslauer\/wp-content\/uploads\/2022\/08\/77acb043-3bfc-4949-8bd7-01baecebf41e3752616071548782962-835x1024.jpg\" alt=\"\" data-id=\"822\" class=\"wp-image-822\" srcset=\"https:\/\/garagen-kunst.at\/maria-haslauer\/wp-content\/uploads\/2022\/08\/77acb043-3bfc-4949-8bd7-01baecebf41e3752616071548782962-835x1024.jpg 835w, https:\/\/garagen-kunst.at\/maria-haslauer\/wp-content\/uploads\/2022\/08\/77acb043-3bfc-4949-8bd7-01baecebf41e3752616071548782962-245x300.jpg 245w, https:\/\/garagen-kunst.at\/maria-haslauer\/wp-content\/uploads\/2022\/08\/77acb043-3bfc-4949-8bd7-01baecebf41e3752616071548782962-768x942.jpg 768w, https:\/\/garagen-kunst.at\/maria-haslauer\/wp-content\/uploads\/2022\/08\/77acb043-3bfc-4949-8bd7-01baecebf41e3752616071548782962-1252x1536.jpg 1252w, https:\/\/garagen-kunst.at\/maria-haslauer\/wp-content\/uploads\/2022\/08\/77acb043-3bfc-4949-8bd7-01baecebf41e3752616071548782962.jpg 1284w\" sizes=\"auto, (max-width: 835px) 100vw, 835px\" \/><\/figure><\/li><\/ul><\/figure>\n\n\n\n<p>Also habe ich mir Handschuhe mitgenommen. Doch es war eine Freude, das Material, den Ton zu formen, zu kneten und verschiedene Sachen zu fertigen.&nbsp;<br \/>Meine Kreativit\u00e4t war jetzt schon geweckt\u2026&nbsp;<\/p>\n\n\n\n<p><strong>Im J\u00e4nner 2018<\/strong> kaufte ich mir einen gro\u00dfen Brennofen, baute meine Werkstatt aus und machte weitere Kurse bei verschiedenen Keramikmeister\/innen, um so selbst\u00e4ndig \u201ewerkeln\u201c zu k\u00f6nnen.<\/p>\n\n\n\n<p><strong>In jedem Kurs<\/strong> lernte ich viel neues und so entstanden auch meine Werke. Ich verbringe sehr viel Zeit mit meinem Hobby, dass schon mehr zu einer \u201eNebenberufung\u201c geworden ist und freue mich immer \u00fcber positive R\u00fcckmeldungen meiner Kunden und Kursteilnehmer\/innen.<\/p>\n\n\n\n<p>Ich freue mich drauf, euch in meiner GaragenKunst &#8211; Werkstatt begr\u00fcssen zu d\u00fcrfen.<\/p>\n","protected":false},"excerpt":{"rendered":"<p>Maria Haslauer Ich t\u00f6pfere und handwerke f\u00fcr mein Leben gern. Mein Hobby entdeckte ich durch Zufall. Eine Freundin von mir buchte einen T\u00f6pferkurs. Ich war nicht einmal so sicher, ob ich diesen \u201eSchlamm\u201c, \u00fcberhaupt anfassen sollte. \u00a0 Also habe ich mir Handschuhe mitgenommen. Doch es war eine Freude, das Material, den Ton zu formen, zu&hellip; <a href=\"https:\/\/garagen-kunst.at\/maria-haslauer\/ueber\/\" class=\"more-link\">Weiterlesen <span class=\"screen-reader-text\">\u00dcber mich<\/span><\/a><\/p>\n","protected":false},"author":1,"featured_media":0,"parent":0,"menu_order":1,"comment_status":"closed","ping_status":"closed","template":"","meta":{"footnotes":""},"class_list":["post-333","page","type-page","status-publish","hentry","without-featured-image"],"_links":{"self":[{"href":"https:\/\/garagen-kunst.at\/maria-haslauer\/wp-json\/wp\/v2\/pages\/333","targetHints":{"allow":["GET"]}}],"collection":[{"href":"https:\/\/garagen-kunst.at\/maria-haslauer\/wp-json\/wp\/v2\/pages"}],"about":[{"href":"https:\/\/garagen-kunst.at\/maria-haslauer\/wp-json\/wp\/v2\/types\/page"}],"author":[{"embeddable":true,"href":"https:\/\/garagen-kunst.at\/maria-haslauer\/wp-json\/wp\/v2\/users\/1"}],"replies":[{"embeddable":true,"href":"https:\/\/garagen-kunst.at\/maria-haslauer\/wp-json\/wp\/v2\/comments?post=333"}],"version-history":[{"count":5,"href":"https:\/\/garagen-kunst.at\/maria-haslauer\/wp-json\/wp\/v2\/pages\/333\/revisions"}],"predecessor-version":[{"id":823,"href":"https:\/\/garagen-kunst.at\/maria-haslauer\/wp-json\/wp\/v2\/pages\/333\/revisions\/823"}],"wp:attachment":[{"href":"https:\/\/garagen-kunst.at\/maria-haslauer\/wp-json\/wp\/v2\/media?parent=333"}],"curies":[{"name":"wp","href":"https:\/\/api.w.org\/{rel}","templated":true}]}}